{"id":755,"date":"2023-11-13T17:58:06","date_gmt":"2023-11-13T17:58:06","guid":{"rendered":"https:\/\/localizationengineering.com\/?page_id=755"},"modified":"2024-08-14T11:24:59","modified_gmt":"2024-08-14T11:24:59","slug":"jobs","status":"publish","type":"page","link":"https:\/\/localizzz.com\/fr\/jobs\/","title":{"rendered":"Emplois"},"content":{"rendered":"<p>[et_pb_section fb_built=&#8221;1&#8243; custom_padding_last_edited=&#8221;on|tablet&#8221; admin_label=&#8221;Hero&#8221; _builder_version=&#8221;4.23&#8243; use_background_color_gradient=&#8221;on&#8221; background_color_gradient_stops=&#8221;rgba(255,255,255,0.84) 0%|#ffffff 100%&#8221; background_color_gradient_overlays_image=&#8221;on&#8221; background_color_gradient_start=&#8221;rgba(255,255,255,0.84)&#8221; background_color_gradient_end=&#8221;#ffffff&#8221; background_image=&#8221;https:\/\/localizationengineering.com\/wp-content\/uploads\/2023\/10\/job-5382501_640-1.jpg&#8221; custom_margin=&#8221;0px|||&#8221; custom_padding=&#8221;0px|10%|0px|10%|true|true&#8221; custom_padding_tablet=&#8221;|30px||30px||true&#8221; custom_padding_phone=&#8221;|||||true&#8221; locked=&#8221;off&#8221; global_colors_info=&#8221;{}&#8221;][et_pb_row padding_top_bottom_link_1=&#8221;false&#8221; padding_left_right_link_1=&#8221;true&#8221; _builder_version=&#8221;4.23&#8243; background_size=&#8221;initial&#8221; background_position=&#8221;top_left&#8221; width=&#8221;100%&#8221; max_width=&#8221;100%&#8221; custom_margin=&#8221;|||&#8221; custom_padding=&#8221;0||0px||false|false&#8221; use_custom_width=&#8221;on&#8221; width_unit=&#8221;off&#8221; custom_width_percent=&#8221;100%&#8221; global_colors_info=&#8221;{}&#8221;][et_pb_column type=&#8221;4_4&#8243; _builder_version=&#8221;4.16&#8243; use_background_color_gradient=&#8221;on&#8221; background_color_gradient_stops=&#8221;rgba(0,0,0,0.07) 0%|rgba(255,255,255,0) 100%&#8221; background_color_gradient_start=&#8221;rgba(0,0,0,0.07)&#8221; background_color_gradient_end=&#8221;rgba(255,255,255,0)&#8221; custom_padding=&#8221;10vw|40px|80px|40px&#8221; custom_padding_tablet=&#8221;|||&#8221; custom_padding_phone=&#8221;|10px||10px||true&#8221; custom_padding_last_edited=&#8221;on|desktop&#8221; global_colors_info=&#8221;{}&#8221; padding_phone=&#8221;|10px||10px||true&#8221; padding_tablet=&#8221;|||&#8221; padding_last_edited=&#8221;on|desktop&#8221; custom_padding__hover=&#8221;|||&#8221;][et_pb_text _builder_version=&#8221;4.23&#8243; text_font=&#8221;Lato||||||||&#8221; text_font_size=&#8221;20px&#8221; text_line_height=&#8221;1.8em&#8221; header_font=&#8221;||||||||&#8221; custom_margin=&#8221;|-10vw||10vw&#8221; custom_margin_tablet=&#8221;|0vw||0px&#8221; custom_margin_phone=&#8221;&#8221; custom_margin_last_edited=&#8221;on|desktop&#8221; animation_style=&#8221;slide&#8221; animation_direction=&#8221;left&#8221; animation_intensity_slide=&#8221;10%&#8221; locked=&#8221;off&#8221; global_colors_info=&#8221;{}&#8221;]<\/p>\n<p style=\"text-align: justify;\">Avez-vous la passion de cr\u00e9er des ponts entre les langues et de connecter les cultures? Chez Localizzz, nous sommes toujours \u00e0 la recherche de personnes \u00e9nergiques souhaitant se joindre \u00e0 notre \u00e9quipe active.<\/p>\n<p style=\"text-align: justify;\">En tant que membre de la famille Localizzz, vous faites partie d'une communaut\u00e9 de linguistes, de gestionnaires de projet et d'expertes et d'experts en technologie, d\u00e9di\u00e9e \u00e0 l'excellence. Si vous avez un talent pour les langues et une passion pour connecter les personnes \u00e0 travers les divisions linguistiques, nous aimerions entrer en contact avec vous!<\/p>\n<p style=\"text-align: justify;\">Parcourez les postes ci-dessous et envoyez-nous un courriel \u00e0 l'adresse HR@localizzz.com ou cliquez sur Se joindre \u00e0 notre \u00e9quipe pour postuler.<strong><\/strong><\/p>\n<p style=\"text-align: justify;\">\n<p>[\/et_pb_text][et_pb_text _builder_version=&#8221;4.16&#8243; text_font=&#8221;Lato||||||||&#8221; text_font_size=&#8221;20px&#8221; text_line_height=&#8221;1.8em&#8221; ul_font=&#8221;||||||||&#8221; ol_font=&#8221;||||||||&#8221; header_font=&#8221;Teko|500||on|||||&#8221; header_text_color=&#8221;#000000&#8243; header_font_size=&#8221;9vw&#8221; header_letter_spacing=&#8221;0.05em&#8221; header_line_height=&#8221;0.9em&#8221; custom_margin=&#8221;|-10vw|0px|&#8221; custom_margin_tablet=&#8221;|0vw||&#8221; custom_margin_phone=&#8221;|-5vw||&#8221; custom_margin_last_edited=&#8221;on|tablet&#8221; animation_style=&#8221;zoom&#8221; animation_delay=&#8221;100ms&#8221; animation_intensity_zoom=&#8221;10%&#8221; header_font_size_tablet=&#8221;&#8221; header_font_size_phone=&#8221;&#8221; header_font_size_last_edited=&#8221;on|phone&#8221; header_line_height_tablet=&#8221;&#8221; header_line_height_phone=&#8221;1.2em&#8221; header_line_height_last_edited=&#8221;on|phone&#8221; header_text_shadow_style=&#8221;preset1&#8243; header_text_shadow_vertical_length=&#8221;0.18em&#8221; header_text_shadow_blur_strength=&#8221;0.27em&#8221; header_text_shadow_color=&#8221;rgba(0,0,0,0.24)&#8221; global_colors_info=&#8221;{}&#8221;]<\/p>\n<h1>POSTES<\/h1>\n<p>[\/et_pb_text][\/et_pb_column][\/et_pb_row][\/et_pb_section][et_pb_section fb_built=&#8221;1&#8243; admin_label=&#8221;Blog&#8221; _builder_version=&#8221;4.23&#8243; _module_preset=&#8221;default&#8221; background_color=&#8221;gcid-dfca0e9b-c2d5-4a0d-bd54-692f77707a05&#8243; custom_padding=&#8221;5px||6px|||&#8221; collapsed=&#8221;on&#8221; global_colors_info=&#8221;{%22gcid-dfca0e9b-c2d5-4a0d-bd54-692f77707a05%22:%91%22background_color%22%93}&#8221;][et_pb_row _builder_version=&#8221;4.27.0&#8243; _module_preset=&#8221;default&#8221; global_colors_info=&#8221;{}&#8221;][et_pb_column type=&#8221;4_4&#8243; _builder_version=&#8221;4.27.0&#8243; _module_preset=&#8221;default&#8221; global_colors_info=&#8221;{}&#8221;][et_pb_code _builder_version=&#8221;4.27.0&#8243; _module_preset=&#8221;default&#8221; global_colors_info=&#8221;{}&#8221;]<\/p>\n<div class=\"page-selector-dropdown\"><!-- [et_pb_line_break_holder] -->    <select id=\"page-selector\" onchange=\"window.location.href=this.value;\"><!-- [et_pb_line_break_holder] --><option value=\"\">All Locations &#038; Languages<\/option><!-- [et_pb_line_break_holder] --><option value=\"http:\/\/localizzz.com\/localizzz-global-jobs\/\">Emplois chez Localizzz Global<\/option><!-- [et_pb_line_break_holder] --><option value=\"http:\/\/localizzz.com\/localizzz-canada-jobs\/\">Emplois chez Localizzz Canada<\/option><!-- [et_pb_line_break_holder] --><option value=\"http:\/\/localizzz.com\/localizzz-africa-jobs\/\">Emplois chez Localizzz Africa<\/option><!-- [et_pb_line_break_holder] --><option value=\"http:\/\/localizzz.com\/localizzz-data-jobs\/\">Emplois chez Localizzz Data<\/option><!-- [et_pb_line_break_holder] --><option value=\"http:\/\/localizzz.com\/localizzz-tools-jobs\/\">Emplois chez Localizzz Tools<\/option><!-- [et_pb_line_break_holder] --><option value=\"http:\/\/localizzz.com\/engage-africa-nlp-jobs\/\">Emplois chez Engage Africa NLP<\/option><!-- [et_pb_line_break_holder] -->    <\/select><!-- [et_pb_line_break_holder] --><\/div>\n<p><!-- [et_pb_line_break_holder] -->[\/et_pb_code][et_pb_button button_url=&#8221;http:\/\/localizzz.com\/join-our-team\/&#8221; button_text=&#8221;Join Our Team&#8221; button_alignment=&#8221;center&#8221; _builder_version=&#8221;4.27.0&#8243; _module_preset=&#8221;default&#8221; global_colors_info=&#8221;{}&#8221;][\/et_pb_button][\/et_pb_column][\/et_pb_row][\/et_pb_section][et_pb_section fb_built=&#8221;1&#8243; _builder_version=&#8221;4.27.0&#8243; _module_preset=&#8221;default&#8221; global_colors_info=&#8221;{}&#8221;][et_pb_row _builder_version=&#8221;4.27.0&#8243; _module_preset=&#8221;default&#8221; global_colors_info=&#8221;{}&#8221;][et_pb_column type=&#8221;4_4&#8243; _builder_version=&#8221;4.27.0&#8243; _module_preset=&#8221;default&#8221; global_colors_info=&#8221;{}&#8221;][et_pb_blog fullwidth=&#8221;off&#8221; posts_number=&#8221;30&#8243; include_categories=&#8221;12&#8243; excerpt_length=&#8221;100&#8243; show_author=&#8221;off&#8221; show_categories=&#8221;off&#8221; _builder_version=&#8221;4.27.0&#8243; _module_preset=&#8221;default&#8221; header_text_align=&#8221;justify&#8221; text_orientation=&#8221;justified&#8221; hover_enabled=&#8221;0&#8243; border_radii_image=&#8221;on|25px|25px|25px|25px&#8221; global_colors_info=&#8221;{}&#8221; border_style_all=&#8221;none&#8221; sticky_enabled=&#8221;0&#8243;][\/et_pb_blog][\/et_pb_column][\/et_pb_row][\/et_pb_section]<\/p>","protected":false},"excerpt":{"rendered":"<p>Are you passionate about breaking language barriers and connecting cultures? At Localizzz, we are always looking for dynamic individuals to join our vibrant team. As a member of the Localizzz family, you\u2019ll be part of a diverse community of linguists, project managers, and technology experts dedicated to excellence. If you have a flair for languages [&hellip;]<\/p>","protected":false},"author":1,"featured_media":0,"parent":0,"menu_order":0,"comment_status":"closed","ping_status":"closed","template":"","meta":{"_et_pb_use_builder":"on","_et_pb_old_content":"","_et_gb_content_width":"","footnotes":""},"class_list":["post-755","page","type-page","status-publish","hentry"],"_links":{"self":[{"href":"https:\/\/localizzz.com\/fr\/wp-json\/wp\/v2\/pages\/755","targetHints":{"allow":["GET"]}}],"collection":[{"href":"https:\/\/localizzz.com\/fr\/wp-json\/wp\/v2\/pages"}],"about":[{"href":"https:\/\/localizzz.com\/fr\/wp-json\/wp\/v2\/types\/page"}],"author":[{"embeddable":true,"href":"https:\/\/localizzz.com\/fr\/wp-json\/wp\/v2\/users\/1"}],"replies":[{"embeddable":true,"href":"https:\/\/localizzz.com\/fr\/wp-json\/wp\/v2\/comments?post=755"}],"version-history":[{"count":12,"href":"https:\/\/localizzz.com\/fr\/wp-json\/wp\/v2\/pages\/755\/revisions"}],"predecessor-version":[{"id":2358,"href":"https:\/\/localizzz.com\/fr\/wp-json\/wp\/v2\/pages\/755\/revisions\/2358"}],"wp:attachment":[{"href":"https:\/\/localizzz.com\/fr\/wp-json\/wp\/v2\/media?parent=755"}],"curies":[{"name":"wp","href":"https:\/\/api.w.org\/{rel}","templated":true}]}}