{"id":1673,"date":"2024-08-02T23:39:20","date_gmt":"2024-08-02T23:39:20","guid":{"rendered":"https:\/\/localizationengineering.com\/?page_id=1673"},"modified":"2024-09-19T21:36:45","modified_gmt":"2024-09-19T21:36:45","slug":"inclusive-globalization","status":"publish","type":"page","link":"https:\/\/localizzz.com\/fr\/inclusive-globalization\/","title":{"rendered":"Mondialisation inclusive"},"content":{"rendered":"<p>[et_pb_section fb_built=&#8221;1&#8243; _builder_version=&#8221;4.27.0&#8243; _module_preset=&#8221;default&#8221; custom_padding=&#8221;||6px|||&#8221; global_colors_info=&#8221;{}&#8221;][et_pb_row _builder_version=&#8221;4.27.0&#8243; _module_preset=&#8221;default&#8221; global_colors_info=&#8221;{}&#8221;][et_pb_column type=&#8221;4_4&#8243; _builder_version=&#8221;4.27.0&#8243; _module_preset=&#8221;default&#8221; background_color=&#8221;gcid-3739f6af-6ec3-431f-9233-3cdc85f4270b&#8221; border_radii=&#8221;on|25px|25px|25px|25px&#8221; global_colors_info=&#8221;{%22gcid-3739f6af-6ec3-431f-9233-3cdc85f4270b%22:%91%22background_color%22%93}&#8221;][et_pb_text _builder_version=&#8221;4.27.0&#8243; _module_preset=&#8221;21984734-70c4-4a5c-bd69-28db345f470c&#8221; custom_margin=&#8221;||3px|||&#8221; locked=&#8221;off&#8221; global_colors_info=&#8221;{}&#8221;]<\/p>\n<h1 style=\"text-align: center;\"><span style=\"color: #ffffff;\">Strat\u00e9gies de mondialisation inclusives<\/span><\/h1>\n<p>[\/et_pb_text][et_pb_text _builder_version=&#8221;4.27.0&#8243; _module_preset=&#8221;default&#8221; global_colors_info=&#8221;{}&#8221; inline_fonts=&#8221;ABeeZee&#8221;]<\/p>\n<p><span style=\"color: #000000;\"><\/span><\/p>\n<p style=\"text-align: center;\"><span style=\"color: #ffffff; font-size: medium;\">Cherchez-vous \u00e0 p\u00e9n\u00e9trer de nouveaux march\u00e9s et \u00e0 diversifier votre contenu?<\/span><\/p>\n<p style=\"text-align: center;\"><span style=\"color: #ffffff; font-size: medium;\">Envisagez-vous le potentiel des march\u00e9s \u00e0 \u00e9volution rapide, comme les march\u00e9s africains, o\u00f9 de nombreuses langues et cultures non exploit\u00e9es pr\u00e9sentent des occasions de croissance uniques?<\/span><br \/><span style=\"color: #ffffff; font-size: medium;\"><\/span><\/p>\n<p style=\"text-align: center;\"><span style=\"color: #ffffff; font-size: medium;\"><span>Un produit pr\u00eat pour la mondialisation est con\u00e7u pour \u00eatre facilement adapt\u00e9 dans plusieurs langues, cultures et march\u00e9s gr\u00e2ce \u00e0 la localisation.<\/span><\/span><\/p>\n<p style=\"text-align: center;\"><span style=\"color: #ffffff; font-size: medium;\"><\/span><\/p>\n<p style=\"text-align: center;\"><span style=\"color: #ffffff; font-size: medium;\">La mondialisation inclusive fid\u00e9lise la client\u00e8le et garantit que les utilisatrices et utilisateurs de toutes les r\u00e9gions linguistiques que vous ciblez peuvent utiliser et reconna\u00eetre vos produits.<\/span><\/p>\n<p style=\"text-align: center;\"><span style=\"color: #ffffff; font-size: medium;\"><\/span><\/p>\n<p style=\"text-align: center;\"><span style=\"color: #ffffff; font-family: ABeeZee; font-weight: normal; font-size: medium;\">L'inclusivit\u00e9 a de la valeur, et votre r\u00e9ussite (ou celle de votre client) commence par la mondialisation inclusive.<\/span><\/p>\n<p style=\"text-align: center;\"><span style=\"color: #ffffff; font-size: medium;\"><\/span><\/p>\n<p style=\"text-align: center;\"><span style=\"color: #ffffff; font-size: medium;\"><\/span><\/p>\n<p>[\/et_pb_text][\/et_pb_column][\/et_pb_row][et_pb_row _builder_version=&#8221;4.27.0&#8243; _module_preset=&#8221;default&#8221; custom_padding=&#8221;|5px||||&#8221; global_colors_info=&#8221;{}&#8221;][et_pb_column type=&#8221;4_4&#8243; _builder_version=&#8221;4.27.0&#8243; _module_preset=&#8221;default&#8221; global_colors_info=&#8221;{}&#8221;][et_pb_icon font_icon=&#8221;&#xf57c;||fa||900&#8243; icon_color=&#8221;gcid-3739f6af-6ec3-431f-9233-3cdc85f4270b&#8221; _builder_version=&#8221;4.27.0&#8243; _module_preset=&#8221;default&#8221; global_colors_info=&#8221;{%22gcid-3739f6af-6ec3-431f-9233-3cdc85f4270b%22:%91%22icon_color%22%93}&#8221;][\/et_pb_icon][et_pb_text _builder_version=&#8221;4.27.0&#8243; _module_preset=&#8221;21984734-70c4-4a5c-bd69-28db345f470c&#8221; custom_margin=&#8221;||3px|||&#8221; locked=&#8221;off&#8221; global_colors_info=&#8221;{}&#8221;]<\/p>\n<h1 style=\"text-align: center;\"><span style=\"color: #333333;\">Aper\u00e7u d'une strat\u00e9gie de mondialisation inclusive<\/span><\/h1>\n<p>[\/et_pb_text][\/et_pb_column][\/et_pb_row][\/et_pb_section][et_pb_section fb_built=&#8221;1&#8243; admin_label=&#8221;Services&#8221; _builder_version=&#8221;4.22.0&#8243; _module_preset=&#8221;default&#8221; custom_margin=&#8221;-29px|||||&#8221; custom_padding=&#8221;0px||6px|||&#8221; collapsed=&#8221;on&#8221; global_colors_info=&#8221;{}&#8221;][et_pb_row column_structure=&#8221;1_2,1_2&#8243; use_custom_gutter=&#8221;on&#8221; gutter_width=&#8221;2&#8243; _builder_version=&#8221;4.27.0&#8243; _module_preset=&#8221;default&#8221; global_colors_info=&#8221;{}&#8221;][et_pb_column type=&#8221;1_2&#8243; _builder_version=&#8221;4.27.0&#8243; _module_preset=&#8221;default&#8221; background_color=&#8221;gcid-d056ff0b-a85f-45b3-bb11-a75debfb13bf&#8221; custom_padding=&#8221;40px|40px|40px|40px|true|true&#8221; custom_padding_tablet=&#8221;30px|30px|30px|30px|true|true&#8221; custom_padding_phone=&#8221;20px|20px|20px|20px|true|true&#8221; custom_padding_last_edited=&#8221;on|phone&#8221; border_radii=&#8221;on|10px|10px|10px|10px&#8221; global_colors_info=&#8221;{%22gcid-d056ff0b-a85f-45b3-bb11-a75debfb13bf%22:%91%22background_color%22%93}&#8221;][et_pb_text _builder_version=&#8221;4.27.0&#8243; _module_preset=&#8221;8fdb6934-9bd4-4c87-bbf4-05b84e0d8d0a&#8221; text_orientation=&#8221;center&#8221; custom_margin=&#8221;||0px||false|false&#8221; global_colors_info=&#8221;{}&#8221;]<\/p>\n<h4><span style=\"color: #ffffff;\">Pr\u00e9paration<\/span><\/h4>\n<p>[\/et_pb_text][et_pb_text _builder_version=&#8221;4.22.0&#8243; _module_preset=&#8221;98d66237-9e4c-4106-9b58-0d2ec1fae4e0&#8243; text_orientation=&#8221;center&#8221; custom_margin=&#8221;||10px||false|false&#8221; global_colors_info=&#8221;{}&#8221;]<\/p>\n<h3><span style=\"color: #ffffff;\"><span style=\"caret-color: #e09900;\"><\/span><\/span><\/h3>\n<h3><\/h3>\n<h3><span style=\"color: #ffffff;\"><span style=\"caret-color: #e09900;\">P\u00e9n\u00e9trer les march\u00e9s avec des <\/span><span style=\"caret-color: #e09900;\">produits pr\u00eats pour <\/span><span style=\"caret-color: #e09900;\">la mondialisation<\/span><\/span><\/h3>\n<h3><span style=\"color: #ffffff;\"><span style=\"caret-color: #e09900;\">Inclure les langues rares<\/span><\/span><\/h3>\n<p><span style=\"color: #ffffff;\"><span style=\"caret-color: #e09900;\"><\/span><\/span><\/p>\n<p><span style=\"color: #e09900;\"><span style=\"caret-color: #e09900;\"><\/span><\/span><\/p>\n<p>[\/et_pb_text][et_pb_icon font_icon=&#8221;&#xf0ac;||fa||900&#8243; _builder_version=&#8221;4.27.0&#8243; _module_preset=&#8221;default&#8221; global_colors_info=&#8221;{}&#8221;][\/et_pb_icon][\/et_pb_column][et_pb_column type=&#8221;1_2&#8243; _builder_version=&#8221;4.27.0&#8243; _module_preset=&#8221;default&#8221; background_color=&#8221;#FF0013&#8243; custom_padding=&#8221;40px|40px|40px|40px|true|true&#8221; custom_padding_tablet=&#8221;30px|30px|30px|30px|true|true&#8221; custom_padding_phone=&#8221;20px|20px|20px|20px|true|true&#8221; custom_padding_last_edited=&#8221;on|phone&#8221; border_radii=&#8221;on|10px|10px|10px|10px&#8221; global_colors_info=&#8221;{}&#8221;][et_pb_text _builder_version=&#8221;4.23&#8243; _module_preset=&#8221;8fdb6934-9bd4-4c87-bbf4-05b84e0d8d0a&#8221; text_orientation=&#8221;center&#8221; custom_margin=&#8221;||0px||false|false&#8221; global_colors_info=&#8221;{}&#8221;]<\/p>\n<h4><span style=\"color: #ffffff;\">Conformit\u00e9<\/span><\/h4>\n<p>[\/et_pb_text][et_pb_text _builder_version=&#8221;4.22.0&#8243; _module_preset=&#8221;98d66237-9e4c-4106-9b58-0d2ec1fae4e0&#8243; text_orientation=&#8221;center&#8221; custom_margin=&#8221;||10px||false|false&#8221; global_colors_info=&#8221;{}&#8221;]<\/p>\n<h3><span style=\"color: #ffffff;\"><\/span><\/h3>\n<h3><span style=\"color: #ffffff;\"><\/span><\/h3>\n<h3><span style=\"color: #ffffff;\">Respecter les r\u00e8glements sur les renseignements sur les produits<\/span><\/h3>\n<h3><span style=\"color: #ffffff;\">Partenariats et sensibilisation<\/span><\/h3>\n<p>[\/et_pb_text][et_pb_icon font_icon=&#8221;&#xf0e3;||fa||900&#8243; _builder_version=&#8221;4.27.0&#8243; _module_preset=&#8221;default&#8221; global_colors_info=&#8221;{}&#8221;][\/et_pb_icon][\/et_pb_column][\/et_pb_row][et_pb_row column_structure=&#8221;1_2,1_2&#8243; use_custom_gutter=&#8221;on&#8221; gutter_width=&#8221;2&#8243; _builder_version=&#8221;4.27.0&#8243; _module_preset=&#8221;default&#8221; global_colors_info=&#8221;{}&#8221;][et_pb_column type=&#8221;1_2&#8243; _builder_version=&#8221;4.27.0&#8243; _module_preset=&#8221;default&#8221; background_color=&#8221;#ff0013&#8243; custom_padding=&#8221;40px|40px|40px|40px|true|true&#8221; custom_padding_tablet=&#8221;30px|30px|30px|30px|true|true&#8221; custom_padding_phone=&#8221;20px|20px|20px|20px|true|true&#8221; custom_padding_last_edited=&#8221;on|phone&#8221; border_radii=&#8221;on|10px|10px|10px|10px&#8221; global_colors_info=&#8221;{%22gcid-ad629ad7-29bc-4d34-a428-476c380868ee%22:%91%22background_color%22%93}&#8221;][et_pb_text _builder_version=&#8221;4.23&#8243; _module_preset=&#8221;8fdb6934-9bd4-4c87-bbf4-05b84e0d8d0a&#8221; text_orientation=&#8221;center&#8221; custom_margin=&#8221;||0px||false|false&#8221; global_colors_info=&#8221;{}&#8221;]<\/p>\n<h4><span style=\"color: #ffffff;\">Localisation<\/span><\/h4>\n<p>[\/et_pb_text][et_pb_text _builder_version=&#8221;4.22.0&#8243; _module_preset=&#8221;98d66237-9e4c-4106-9b58-0d2ec1fae4e0&#8243; text_orientation=&#8221;center&#8221; custom_margin=&#8221;||10px||false|false&#8221; global_colors_info=&#8221;{}&#8221;]<\/p>\n<h3><span style=\"color: #ffffff;\"><\/span><\/h3>\n<h3><span style=\"color: #ffffff;\"><\/span><\/h3>\n<h3><span style=\"color: #ffffff;\">Adapter <\/span><span style=\"color: #ffffff;\">le marketing<\/span><\/h3>\n<h3><span style=\"color: #ffffff;\">aux langues et aux cultures locales<\/span><\/h3>\n<p>[\/et_pb_text][et_pb_icon font_icon=&#8221;&#xf3c5;||fa||900&#8243; _builder_version=&#8221;4.27.0&#8243; _module_preset=&#8221;default&#8221; global_colors_info=&#8221;{}&#8221;][\/et_pb_icon][\/et_pb_column][et_pb_column type=&#8221;1_2&#8243; _builder_version=&#8221;4.27.0&#8243; _module_preset=&#8221;default&#8221; background_color=&#8221;gcid-d056ff0b-a85f-45b3-bb11-a75debfb13bf&#8221; custom_padding=&#8221;40px|40px|40px|40px|true|true&#8221; custom_padding_tablet=&#8221;30px|30px|30px|30px|true|true&#8221; custom_padding_phone=&#8221;20px|20px|20px|20px|true|true&#8221; custom_padding_last_edited=&#8221;on|phone&#8221; border_radii=&#8221;on|10px|10px|10px|10px&#8221; global_colors_info=&#8221;{%22gcid-d056ff0b-a85f-45b3-bb11-a75debfb13bf%22:%91%22background_color%22%93}&#8221;][et_pb_text _builder_version=&#8221;4.23&#8243; _module_preset=&#8221;8fdb6934-9bd4-4c87-bbf4-05b84e0d8d0a&#8221; text_orientation=&#8221;center&#8221; custom_margin=&#8221;||0px||false|false&#8221; global_colors_info=&#8221;{}&#8221;]<\/p>\n<h4><span style=\"color: #ffffff;\">Croissance<\/span><\/h4>\n<p>[\/et_pb_text][et_pb_text _builder_version=&#8221;4.22.0&#8243; _module_preset=&#8221;98d66237-9e4c-4106-9b58-0d2ec1fae4e0&#8243; text_orientation=&#8221;center&#8221; custom_margin=&#8221;||10px||false|false&#8221; global_colors_info=&#8221;{}&#8221;]<\/p>\n<h3><span style=\"color: #ffffff;\"><\/span><\/h3>\n<h3><span style=\"color: #ffffff;\"><\/span><\/h3>\n<h3><span style=\"color: #ffffff;\">\u00c9valuer et ajuster<\/span><\/h3>\n<h3><span style=\"color: #ffffff;\">Profiter <\/span><span style=\"color: #ffffff;\">de la <\/span><span style=\"color: #ffffff;\">r\u00e9ussite!<\/span><\/h3>\n<p>[\/et_pb_text][et_pb_icon font_icon=&#8221;&#xf4d8;||fa||900&#8243; _builder_version=&#8221;4.27.0&#8243; _module_preset=&#8221;default&#8221; global_colors_info=&#8221;{}&#8221;][\/et_pb_icon][\/et_pb_column][\/et_pb_row][et_pb_row column_structure=&#8221;1_2,1_2&#8243; _builder_version=&#8221;4.22.0&#8243; _module_preset=&#8221;default&#8221; global_colors_info=&#8221;{}&#8221;][et_pb_column type=&#8221;1_2&#8243; _builder_version=&#8221;4.27.0&#8243; _module_preset=&#8221;default&#8221; global_colors_info=&#8221;{}&#8221;][et_pb_text _builder_version=&#8221;4.27.0&#8243; _module_preset=&#8221;21984734-70c4-4a5c-bd69-28db345f470c&#8221; locked=&#8221;off&#8221; global_colors_info=&#8221;{}&#8221;]<\/p>\n<h2>L'objectif de la mondialisation inclusive<\/h2>\n<p>[\/et_pb_text][et_pb_text _builder_version=&#8221;4.23&#8243; _module_preset=&#8221;9c726626-52a6-439b-aa98-6cd0ff43eb4b&#8221; custom_padding=&#8221;1px|||||&#8221; global_colors_info=&#8221;{}&#8221;]<\/p>\n<p style=\"text-align: justify;\"><span style=\"color: #1e1e1e;\">L'objectif principal de la mondialisation est de s'assurer qu'un produit, un service ou un contenu peut \u00eatre facilement adapt\u00e9 aux divers march\u00e9s locaux sans avoir besoin d'\u00eatre reformul\u00e9s ou refaits. Il s'agit de cr\u00e9er un cadre universel et adaptable.<\/span><\/p>\n<p style=\"text-align: justify;\"><span style=\"color: #1e1e1e;\">Les exigences r\u00e9glementaires pour les renseignements de produit, les avis de non-responsabilit\u00e9 et les instructions de s\u00e9curit\u00e9 peuvent \u00e9norm\u00e9ment changer selon les r\u00e9gions et doivent \u00eatre \u00e0 la fois exactes sur le plan linguistique et conformes aux lois locales.<\/span><\/p>\n<p style=\"text-align: justify;\"><span style=\"color: #1e1e1e;\">Qu'il s'agisse de localiser un produit ou de communiquer en ayant conscience des questions culturelles, vous pouvez nous faire confiance dans vos efforts de mondialisation.<\/span><\/p>\n<p>[\/et_pb_text][\/et_pb_column][et_pb_column type=&#8221;1_2&#8243; _builder_version=&#8221;4.22.0&#8243; _module_preset=&#8221;default&#8221; global_colors_info=&#8221;{}&#8221;][et_pb_text _builder_version=&#8221;4.27.0&#8243; _module_preset=&#8221;21984734-70c4-4a5c-bd69-28db345f470c&#8221; locked=&#8221;off&#8221; global_colors_info=&#8221;{}&#8221;]<\/p>\n<h2>Les avantages de la mondialisation inclusive<\/h2>\n<p>[\/et_pb_text][et_pb_text _builder_version=&#8221;4.23&#8243; _module_preset=&#8221;9c726626-52a6-439b-aa98-6cd0ff43eb4b&#8221; custom_padding=&#8221;1px|||||&#8221; global_colors_info=&#8221;{}&#8221;]<\/p>\n<p style=\"text-align: justify;\"><span style=\"color: #000000;\">La mondialisation, par essence, tient compte <span style=\"caret-color: #919191;\">de la diversit\u00e9 langagi\u00e8re. Alors, que voulons-nous dire par \u00ab mondialisation inclusive en mati\u00e8re de langue \u00bb<\/span>?<\/span><span style=\"color: #000000;\"><\/span><\/p>\n<p style=\"text-align: justify;\"><span style=\"color: #000000;\">Offrir de l'assistance \u00e0 la client\u00e8le, y compris des centres d'assistance et des manuels d'utilisation, dans toutes les langues, dont celles qui sont sous-repr\u00e9sent\u00e9es, peu localis\u00e9es, disposant de peu de ressources et marginalis\u00e9es, est un \u00e9l\u00e9ment essentiel de la mondialisation linguistique d'un produit.<\/span><\/p>\n<p style=\"text-align: justify;\"><span style=\"color: #000000;\">Cela fid\u00e9lise la client\u00e8le <span style=\"caret-color: #919191;\">et<\/span>\u00a0garantit que les utilisatrices et utilisateurs de toutes les r\u00e9gions linguistiques que vous <span style=\"caret-color: #919191;\">ciblez<\/span> peuvent utiliser vos produits et s'y identifier.<\/span><\/p>\n<p>[\/et_pb_text][\/et_pb_column][\/et_pb_row][\/et_pb_section][et_pb_section fb_built=&#8221;1&#8243; _builder_version=&#8221;4.27.0&#8243; _module_preset=&#8221;default&#8221; global_colors_info=&#8221;{}&#8221;][et_pb_row _builder_version=&#8221;4.27.0&#8243; _module_preset=&#8221;default&#8221; global_colors_info=&#8221;{}&#8221;][et_pb_column type=&#8221;4_4&#8243; _builder_version=&#8221;4.27.0&#8243; _module_preset=&#8221;default&#8221; global_colors_info=&#8221;{}&#8221;][et_pb_post_slider include_categories=&#8221;13&#8243; _builder_version=&#8221;4.27.0&#8243; _module_preset=&#8221;default&#8221; border_radii=&#8221;on|25px|25px|25px|25px&#8221; global_colors_info=&#8221;{}&#8221;][\/et_pb_post_slider][\/et_pb_column][\/et_pb_row][\/et_pb_section]<\/p>","protected":false},"excerpt":{"rendered":"<p>Inclusive Globalization Strategies Are you looking to enter new markets and diversify your revenue? Are you considering the potential of rapidly evolving markets like African countries, where multiple untapped\u00a0languages and cultures present unique opportunities for growth? A Gl10n-ready product is designed for easy adaptation to different languages, cultures, and markets through globalization and localization. Inclusive [&hellip;]<\/p>","protected":false},"author":1,"featured_media":0,"parent":0,"menu_order":0,"comment_status":"closed","ping_status":"closed","template":"","meta":{"_et_pb_use_builder":"on","_et_pb_old_content":"","_et_gb_content_width":"","footnotes":""},"class_list":["post-1673","page","type-page","status-publish","hentry"],"_links":{"self":[{"href":"https:\/\/localizzz.com\/fr\/wp-json\/wp\/v2\/pages\/1673","targetHints":{"allow":["GET"]}}],"collection":[{"href":"https:\/\/localizzz.com\/fr\/wp-json\/wp\/v2\/pages"}],"about":[{"href":"https:\/\/localizzz.com\/fr\/wp-json\/wp\/v2\/types\/page"}],"author":[{"embeddable":true,"href":"https:\/\/localizzz.com\/fr\/wp-json\/wp\/v2\/users\/1"}],"replies":[{"embeddable":true,"href":"https:\/\/localizzz.com\/fr\/wp-json\/wp\/v2\/comments?post=1673"}],"version-history":[{"count":38,"href":"https:\/\/localizzz.com\/fr\/wp-json\/wp\/v2\/pages\/1673\/revisions"}],"predecessor-version":[{"id":2473,"href":"https:\/\/localizzz.com\/fr\/wp-json\/wp\/v2\/pages\/1673\/revisions\/2473"}],"wp:attachment":[{"href":"https:\/\/localizzz.com\/fr\/wp-json\/wp\/v2\/media?parent=1673"}],"curies":[{"name":"wp","href":"https:\/\/api.w.org\/{rel}","templated":true}]}}