{"id":1600,"date":"2023-10-23T23:24:12","date_gmt":"2023-10-23T23:24:12","guid":{"rendered":"https:\/\/localizationengineering.com\/?page_id=2"},"modified":"2024-09-25T11:24:04","modified_gmt":"2024-09-25T11:24:04","slug":"sample-page-2","status":"publish","type":"page","link":"https:\/\/localizzz.com\/fr\/sample-page-2\/","title":{"rendered":"\u00c0 propos de nous"},"content":{"rendered":"<p>[et_pb_section fb_built=&#8221;1&#8243; fullwidth=&#8221;on&#8221; theme_builder_area=&#8221;post_content&#8221; _builder_version=&#8221;4.27.0&#8243; _module_preset=&#8221;default&#8221;][et_pb_fullwidth_image src=&#8221;http:\/\/localizzz.com\/wp-content\/uploads\/2024\/08\/vision-gffd54283f_1920.jpg&#8221; _builder_version=&#8221;4.27.0&#8243; _module_preset=&#8221;default&#8221; theme_builder_area=&#8221;post_content&#8221; title_text=&#8221;vision-gffd54283f_1920&#8243; hover_enabled=&#8221;0&#8243; sticky_enabled=&#8221;0&#8243;][\/et_pb_fullwidth_image][\/et_pb_section][et_pb_section fb_built=&#8221;1&#8243; _builder_version=&#8221;4.23&#8243; _module_preset=&#8221;default&#8221; min_height=&#8221;478.7px&#8221; custom_padding=&#8221;7px||5px|||&#8221; global_colors_info=&#8221;{}&#8221;][et_pb_row _builder_version=&#8221;4.23&#8243; _module_preset=&#8221;default&#8221; global_colors_info=&#8221;{}&#8221;][et_pb_column type=&#8221;4_4&#8243; _builder_version=&#8221;4.23&#8243; _module_preset=&#8221;default&#8221; global_colors_info=&#8221;{}&#8221;][et_pb_icon font_icon=&#8221;&#xe0f5;||divi||400&#8243; icon_color=&#8221;#2B2B2B&#8221; _builder_version=&#8221;4.27.0&#8243; _module_preset=&#8221;default&#8221; animation_style=&#8221;fold&#8221; global_colors_info=&#8221;{}&#8221;][\/et_pb_icon][et_pb_text _builder_version=&#8221;4.23&#8243; _module_preset=&#8221;default&#8221; global_colors_info=&#8221;{}&#8221;]<\/p>\n<p style=\"text-align: justify;\">Nous sommes un<span> guichet unique \u00e0 l'intersection de la langue, de la culture, de la technologie et des march\u00e9s mondiaux<\/span>. Gr\u00e2ce \u00e0 notre vaste offre de services \u2013 traduction, localisation, sous-titrage, outils et syst\u00e8mes de localisation, strat\u00e9gie de mondialisation et annotation de donn\u00e9es \u2013 nous avons pour engagements d'encourager les relations mondiales et de nous assurer que le contenu trouve \u00e9cho aupr\u00e8s des publics cibles.<\/p>\n<p style=\"text-align: justify;\"><span>Du fran\u00e7ais canadien (avec Localizzz Canada) aux langues africaines (avec Localizzz Africa) en passant par les langues europ\u00e9ennes (sur demande), notre engagement est de transcender les barri\u00e8res linguistiques, de permettre des communications fluides et d'acc\u00e9l\u00e9rer la croissance des entreprises et des collectivit\u00e9s.<\/span><\/p>\n<p style=\"text-align: justify;\"><span>Ensemble, nous cr\u00e9erons un futur harmonieux o\u00f9 la langue n'est pas une barri\u00e8re, mais un pont vers des possibilit\u00e9s infinies.<\/span><\/p>\n<p style=\"text-align: justify;\"><span><\/span><\/p>\n<p style=\"text-align: justify;\"><span><\/span><\/p>\n<p>[\/et_pb_text][\/et_pb_column][\/et_pb_row][\/et_pb_section][et_pb_section fb_built=&#8221;1&#8243; _builder_version=&#8221;4.23&#8243; _module_preset=&#8221;default&#8221; min_height=&#8221;478.7px&#8221; custom_padding=&#8221;3px|||||&#8221; global_colors_info=&#8221;{}&#8221;][et_pb_row _builder_version=&#8221;4.23&#8243; _module_preset=&#8221;default&#8221; global_colors_info=&#8221;{}&#8221;][et_pb_column type=&#8221;4_4&#8243; _builder_version=&#8221;4.23&#8243; _module_preset=&#8221;default&#8221; global_colors_info=&#8221;{}&#8221;][et_pb_icon font_icon=&#8221;&#x7a;||divi||400&#8243; icon_color=&#8221;#2B2B2B&#8221; _builder_version=&#8221;4.27.0&#8243; _module_preset=&#8221;default&#8221; animation_style=&#8221;fold&#8221; global_colors_info=&#8221;{}&#8221;][\/et_pb_icon][et_pb_text _builder_version=&#8221;4.23&#8243; _module_preset=&#8221;default&#8221; global_colors_info=&#8221;{}&#8221;]<\/p>\n<p style=\"text-align: justify;\">Nos unit\u00e9s travaillent ensemble pour offrir des traductions et de la localisation de contenu informatique, technologique et professionnel aux entreprises et aux organisations qui cherchent \u00e0 explorer les march\u00e9s canadiens, ainsi qu'aux entreprises et organisations canadiennes qui cherchent \u00e0 s'\u00e9tendre \u00e0 l'international, y compris en Afrique, gr\u00e2ce \u00e0 des outils de traduction inclusifs sur le plan linguistique, \u00e0 des services de consultation, etc.<\/p>\n<p style=\"text-align: justify;\"><span>Nous nous engageons pour l'inclusivit\u00e9 langagi\u00e8re pour les collectivit\u00e9s sous-repr\u00e9sent\u00e9es et am\u00e9liorant l'offre technologique pour les langues marginalis\u00e9es et en construisant des outils de traitement du langage naturel pour celles n'ayant que peu de ressources.<\/span><\/p>\n<p style=\"text-align: justify;\"><span>De plus, nos services d'annotation de donn\u00e9es am\u00e9liorent les projets utilisant l'IA en garantissant que leur contenu est exact, ce qui assure que le mod\u00e8le fonctionne de mani\u00e8re optimale.<\/span><\/p>\n<p style=\"text-align: justify;\"><span>Whether you\u2019re expanding internationally, producing global content, or enhancing AI capabilities, our language solutions bridge gaps, foster understanding, and drive success in the multilingual digital era.<\/span><\/p>\n<p style=\"text-align: justify;\"><span><\/span><\/p>\n<p style=\"text-align: justify;\"><span><\/span><\/p>\n<p>[\/et_pb_text][\/et_pb_column][\/et_pb_row][\/et_pb_section]<\/p>","protected":false},"excerpt":{"rendered":"<p>We are a one-stop hub at the intersection of language, culture, technology, and global markets. Through a comprehensive suite of services\u2014translation, localization, subtitling, localization tools and systems, globalization strategy and data annotation\u2014we are committed to fostering global connections and ensuring content resonates authentically with each target audience. From Canadian French (with Localizzz Canada) to African [&hellip;]<\/p>","protected":false},"author":1,"featured_media":0,"parent":0,"menu_order":0,"comment_status":"closed","ping_status":"open","template":"","meta":{"_et_pb_use_builder":"on","_et_pb_old_content":"<!-- wp:paragraph -->\n<p>This is an example page. It's different from a blog post because it will stay in one place and will show up in your site navigation (in most themes). Most people start with an About page that introduces them to potential site visitors. It might say something like this:<\/p>\n<!-- \/wp:paragraph -->\n\n<!-- wp:quote -->\n<blockquote class=\"wp-block-quote\"><!-- wp:paragraph -->\n<p>Hi there! I'm a bike messenger by day, aspiring actor by night, and this is my website. I live in Los Angeles, have a great dog named Jack, and I like pi\u00f1a coladas. (And gettin' caught in the rain.)<\/p>\n<!-- \/wp:paragraph --><\/blockquote>\n<!-- \/wp:quote -->\n\n<!-- wp:paragraph -->\n<p>...or something like this:<\/p>\n<!-- \/wp:paragraph -->\n\n<!-- wp:quote -->\n<blockquote class=\"wp-block-quote\"><!-- wp:paragraph -->\n<p>The XYZ Doohickey Company was founded in 1971, and has been providing quality doohickeys to the public ever since. Located in Gotham City, XYZ employs over 2,000 people and does all kinds of awesome things for the Gotham community.<\/p>\n<!-- \/wp:paragraph --><\/blockquote>\n<!-- \/wp:quote -->\n\n<!-- wp:paragraph -->\n<p>As a new WordPress user, you should go to <a href=\"https:\/\/localizationengineering.com\/wp-admin\/\">your dashboard<\/a> to delete this page and create new pages for your content. Have fun!<\/p>\n<!-- \/wp:paragraph -->","_et_gb_content_width":"","footnotes":""},"class_list":["post-1600","page","type-page","status-publish","hentry"],"_links":{"self":[{"href":"https:\/\/localizzz.com\/fr\/wp-json\/wp\/v2\/pages\/1600","targetHints":{"allow":["GET"]}}],"collection":[{"href":"https:\/\/localizzz.com\/fr\/wp-json\/wp\/v2\/pages"}],"about":[{"href":"https:\/\/localizzz.com\/fr\/wp-json\/wp\/v2\/types\/page"}],"author":[{"embeddable":true,"href":"https:\/\/localizzz.com\/fr\/wp-json\/wp\/v2\/users\/1"}],"replies":[{"embeddable":true,"href":"https:\/\/localizzz.com\/fr\/wp-json\/wp\/v2\/comments?post=1600"}],"version-history":[{"count":2,"href":"https:\/\/localizzz.com\/fr\/wp-json\/wp\/v2\/pages\/1600\/revisions"}],"predecessor-version":[{"id":2481,"href":"https:\/\/localizzz.com\/fr\/wp-json\/wp\/v2\/pages\/1600\/revisions\/2481"}],"wp:attachment":[{"href":"https:\/\/localizzz.com\/fr\/wp-json\/wp\/v2\/media?parent=1600"}],"curies":[{"name":"wp","href":"https:\/\/api.w.org\/{rel}","templated":true}]}}